{"id":33,"date":"2023-02-01T14:44:21","date_gmt":"2023-02-01T14:44:21","guid":{"rendered":"http:\/\/darochageotecnia.com.br\/?page_id=33"},"modified":"2024-05-21T08:51:26","modified_gmt":"2024-05-21T11:51:26","slug":"colibri-wp","status":"publish","type":"page","link":"https:\/\/darochageotecnia.com.br\/","title":{"rendered":"Front Page"},"content":{"rendered":"<div class=\"style-189 style-local-33-c1 position-relative\" data-colibri-id=\"33-c1\">\n<div id=\"overlappable\" class=\"h-section h-section-global-spacing d-flex align-items-lg-center align-items-md-center align-items-center style-190 style-local-33-c2 position-relative\" data-colibri-component=\"section\" data-colibri-id=\"33-c2\">\n<div class=\"h-section-grid-container h-section-boxed-container\">\n<div class=\"h-row-container gutters-row-lg-0 gutters-row-md-0 gutters-row-2 gutters-row-v-lg-2 gutters-row-v-md-2 gutters-row-v-2 style-191 style-local-33-c3 position-relative\" data-colibri-id=\"33-c3\">\n<div class=\"h-row justify-content-lg-center justify-content-md-center justify-content-center align-items-lg-stretch align-items-md-stretch align-items-stretch gutters-col-lg-0 gutters-col-md-0 gutters-col-2 gutters-col-v-lg-2 gutters-col-v-md-2 gutters-col-v-2\">\n<div class=\"h-column h-column-container d-flex h-col-lg-3 h-col-md-3 h-col-12 style-192-outer style-local-33-c4-outer\">\n<div class=\"d-flex h-flex-basis h-column__inner h-px-lg-3 h-px-md-3 h-px-2 v-inner-lg-3 v-inner-md-3 v-inner-2 style-192 style-local-33-c4 position-relative\" data-colibri-id=\"33-c4\">\n<div class=\"w-100 h-y-container h-column__content h-column__v-align flex-basis-100 align-self-lg-center align-self-md-center align-self-center\">\n<div class=\"h-icon style-193 style-local-33-c5 position-relative h-element\" data-colibri-id=\"33-c5\"><span class=\"h-svg-icon h-icon__icon style-193-icon style-local-33-c5-icon\"><!--Icon by Icons8 Line Awesome (https:\/\/icons8.com\/line-awesome)--><\/span><\/div>\n<div class=\"h-global-transition-all h-heading style-194 style-local-33-c6 position-relative h-element\" data-colibri-id=\"33-c6\">\n<div class=\"h-heading__outer style-194 style-local-33-c6\">\n<h5 class=\"\">ENGENHARIA CIVIL<\/h5>\n<\/div>\n<\/div>\n<div class=\"h-text h-text-component style-195 style-local-33-c7 position-relative h-element\" data-colibri-id=\"33-c7\">\n<div class=\"\">\n\nRamo da engenharia que planeja, projeta, executa e faz a gest\u00e3o de obras e empreendimentos. A engenharia civil transforma e adapta a natureza, com o objetivo de otimizar a qualidade de vida das pessoas.\n\n<\/div>\n<\/div>\n<\/div>\n<\/div>\n<\/div>\n<div class=\"h-column h-column-container d-flex h-col-lg-3 h-col-md-3 h-col-12 style-192-outer style-local-33-c8-outer\">\n<div class=\"d-flex h-flex-basis h-column__inner h-px-lg-3 h-px-md-3 h-px-2 v-inner-lg-3 v-inner-md-3 v-inner-2 style-192 style-local-33-c8 position-relative\" data-colibri-id=\"33-c8\">\n<div class=\"w-100 h-y-container h-column__content h-column__v-align flex-basis-100 align-self-lg-center align-self-md-center align-self-center\">\n<div class=\"h-icon style-193 style-local-33-c9 position-relative h-element\" data-colibri-id=\"33-c9\"><span class=\"h-svg-icon h-icon__icon style-193-icon style-local-33-c9-icon\"><!--Icon by Font Awesome (https:\/\/fontawesome.com)-->\n<\/span><\/div>\n<div class=\"h-global-transition-all h-heading style-194 style-local-33-c10 position-relative h-element\" data-colibri-id=\"33-c10\">\n<div class=\"h-heading__outer style-194 style-local-33-c10\">\n<h5 class=\"\">GEOLOGIA<\/h5>\n<\/div>\n<\/div>\n<div class=\"h-text h-text-component style-195 style-local-33-c11 position-relative h-element\" data-colibri-id=\"33-c11\">\n<div class=\"\">\n\n\u00c9 uma das ci\u00eancias da Terra que se dedica ao estudo da crosta terrestre, da mat\u00e9ria que a comp\u00f5e, o seu mecanismo de forma\u00e7\u00e3o, as altera\u00e7\u00f5es que ocorrem desde a sua origem e a estrutura que a sua superf\u00edcie possui atualmente.\n\n<\/div>\n<\/div>\n<\/div>\n<\/div>\n<\/div>\n<div class=\"h-column h-column-container d-flex h-col-lg-3 h-col-md-3 h-col-12 style-192-outer style-local-33-c12-outer\">\n<div class=\"d-flex h-flex-basis h-column__inner h-px-lg-3 h-px-md-3 h-px-2 v-inner-lg-3 v-inner-md-3 v-inner-2 style-192 style-local-33-c12 position-relative\" data-colibri-id=\"33-c12\">\n<div class=\"w-100 h-y-container h-column__content h-column__v-align flex-basis-100 align-self-lg-center align-self-md-center align-self-center\">\n<div class=\"h-icon style-193 style-local-33-c13 position-relative h-element\" data-colibri-id=\"33-c13\"><span class=\"h-svg-icon h-icon__icon style-193-icon style-local-33-c13-icon\"><!--Icon by Icons8 Line Awesome (https:\/\/icons8.com\/line-awesome)--><\/span><\/div>\n<div class=\"h-global-transition-all h-heading style-194 style-local-33-c14 position-relative h-element\" data-colibri-id=\"33-c14\">\n<div class=\"h-heading__outer style-194 style-local-33-c14\">\n<h5 class=\"\">ENGENHARIA GEOT\u00c9CNICA<\/h5>\n<\/div>\n<\/div>\n<div class=\"h-text h-text-component style-195 style-local-33-c15 position-relative h-element\" data-colibri-id=\"33-c15\">\n<div class=\"\">\n\nAplica\u00e7\u00e3o de m\u00e9todos cient\u00edficos e princ\u00edpios de engenharia para a aquisi\u00e7\u00e3o, interpreta\u00e7\u00e3o e uso do conhecimento dos materiais da crosta terrestre e materiais terrestres para a solu\u00e7\u00e3o de problemas de engenharia.\n\n<\/div>\n<\/div>\n<\/div>\n<\/div>\n<\/div>\n<div class=\"h-column h-column-container d-flex h-col-lg-3 h-col-md-3 h-col-12 style-196-outer style-local-33-c16-outer\">\n<div class=\"d-flex h-flex-basis h-column__inner h-px-lg-3 h-px-md-3 h-px-2 v-inner-lg-3 v-inner-md-3 v-inner-2 style-196 style-local-33-c16 position-relative\" data-colibri-id=\"33-c16\">\n<div class=\"w-100 h-y-container h-column__content h-column__v-align flex-basis-100 align-self-lg-center align-self-md-center align-self-center\">\n<div class=\"h-icon style-193 style-local-33-c17 position-relative h-element\" data-colibri-id=\"33-c17\"><span class=\"h-svg-icon h-icon__icon style-193-icon style-local-33-c17-icon\"><!--Icon by Icons8 Line Awesome (https:\/\/icons8.com\/line-awesome)--><\/span><\/div>\n<div class=\"h-global-transition-all h-heading style-194 style-local-33-c18 position-relative h-element\" data-colibri-id=\"33-c18\">\n<div class=\"h-heading__outer style-194 style-local-33-c18\">\n<h5 class=\"\">ENGENHARIA\n\nDE MINAS<\/h5>\n<\/div>\n<\/div>\n<div class=\"h-text h-text-component style-195 style-local-33-c19 position-relative h-element\" data-colibri-id=\"33-c19\">\n<div class=\"\">\n\nRamo da engenharia que se ocupa do aproveitamento dos recursos da Terra, especialmente atrav\u00e9s da explora\u00e7\u00e3o de minas, utilizando os conhecimentos de diversos ramos da ci\u00eancia, particularmente os da geologia, da qu\u00edmica e da f\u00edsica.\n\n<\/div>\n<\/div>\n<\/div>\n<\/div>\n<\/div>\n<\/div>\n<\/div>\n<\/div>\n<\/div>\n<div id=\"about\" class=\"h-section h-section-global-spacing d-flex align-items-lg-center align-items-md-center align-items-center style-197 style-local-33-c20 position-relative\" data-colibri-component=\"section\" data-colibri-id=\"33-c20\">\n<div class=\"h-section-grid-container h-section-boxed-container\">\n<div class=\"h-row-container gutters-row-lg-0 gutters-row-md-0 gutters-row-0 gutters-row-v-lg-0 gutters-row-v-md-0 gutters-row-v-0 style-198 style-local-33-c21 position-relative\" data-colibri-id=\"33-c21\">\n<div class=\"h-row justify-content-lg-center justify-content-md-center justify-content-center align-items-lg-stretch align-items-md-stretch align-items-stretch gutters-col-lg-0 gutters-col-md-0 gutters-col-0 gutters-col-v-lg-0 gutters-col-v-md-0 gutters-col-v-0\">\n<div class=\"h-column h-column-container d-flex h-col-lg-auto h-col-md-auto h-col-auto style-199-outer style-local-33-c22-outer\">\n<div class=\"d-flex h-flex-basis h-column__inner h-px-lg-0 h-px-md-0 h-px-0 v-inner-lg-0 v-inner-md-0 v-inner-0 style-199 style-local-33-c22 position-relative\" data-colibri-id=\"33-c22\">\n<div class=\"w-100 h-y-container h-column__content h-column__v-align flex-basis-100 align-self-lg-start align-self-md-start align-self-start\">\n<div class=\"h-global-transition-all h-heading style-200 style-local-33-c23 position-relative h-element\" data-colibri-id=\"33-c23\">\n<div class=\"h-heading__outer style-200 style-local-33-c23\">\n<h3 class=\"\">Sobre n\u00f3s<\/h3>\n<\/div>\n<\/div>\n<div class=\"d-flex align-items-center text-lg-center text-md-center text-center justify-content-lg-center justify-content-md-center justify-content-center style-347 style-local-33-c24 position-relative h-element\" data-colibri-id=\"33-c24\">\n<a class=\"d-flex align-items-center\" href=\"https:\/\/darochageotecnia.com.br\/\" rel=\"home\">\n<img decoding=\"async\" class=\"h-logo__image h-logo__image_h logo-image style-347-image style-local-33-c24-image\" src=\"https:\/\/darochageotecnia.com.br\/wp-content\/uploads\/2023\/02\/cropped-DaRocha_Logo3.png\" alt=\"\" \/>\n<img decoding=\"async\" class=\"h-logo__alt-image h-logo__alt-image_h logo-alt-image style-347-image style-local-33-c24-image\" src=\"https:\/\/darochageotecnia.com.br\/wp-content\/uploads\/2023\/02\/cropped-DaRocha_Logo3.png\" \/>\n<\/a><\/div>\n<div class=\"h-global-transition-all h-heading style-201 style-local-33-c25 position-relative h-element\" data-colibri-id=\"33-c25\">\n<div class=\"h-heading__outer style-201 style-local-33-c25\">\n<h4 class=\"\">A DaRocha \u00e9 uma empresa que chega no mercado de cara nova!<\/h4>\n<\/div>\n<\/div>\n<div class=\"h-text h-text-component style-202 style-local-33-c26 position-relative h-element\" data-colibri-id=\"33-c26\">\n<div class=\"\">\n\nCom profissionais extremamente capacitados e com vasta experi\u00eancia nas \u00e1reas de Geotecnia, Engenharia Civil, Engenharia de Minas e Geologia. Somos um time completo para atender todas as \u00e1reas estrat\u00e9gicas dentro da minera\u00e7\u00e3o. Somos uma\nempresa especializada em planejamento de mina a c\u00e9u aberto, do curto ao longo prazo, modelo geot\u00e9cnico e projeto de cavas, pilhas e barragens, legisla\u00e7\u00e3o de barragens e modelo geol\u00f3gico.\n\n<\/div>\n<\/div>\n<\/div>\n<\/div>\n<\/div>\n<div class=\"h-column h-column-container d-flex h-col-lg-auto h-col-md-auto h-col-auto style-203-outer style-local-33-c27-outer\">\n<div class=\"d-flex h-flex-basis h-column__inner h-ui-empty-state-container h-px-lg-2 h-px-md-2 h-px-2 v-inner-lg-2 v-inner-md-2 v-inner-2 style-203 style-local-33-c27 position-relative\" data-colibri-id=\"33-c27\">\n<div class=\"w-100 h-y-container h-column__content h-column__v-align flex-basis-100\"><\/div>\n<\/div>\n<\/div>\n<\/div>\n<\/div>\n<\/div>\n<\/div>\n<div id=\"features-2\" class=\"h-section h-section-global-spacing d-flex align-items-lg-center align-items-md-center align-items-center style-204 style-local-33-c28 position-relative\" data-colibri-component=\"section\" data-colibri-id=\"33-c28\">\n<div class=\"h-section-grid-container h-section-boxed-container\">\n<div class=\"h-row-container gutters-row-lg-2 gutters-row-md-2 gutters-row-2 gutters-row-v-lg-2 gutters-row-v-md-2 gutters-row-v-2 style-211 style-local-33-c60 position-relative\" data-colibri-id=\"33-c60\">\n<div class=\"h-row justify-content-lg-center justify-content-md-center justify-content-center align-items-lg-stretch align-items-md-stretch align-items-stretch gutters-col-lg-2 gutters-col-md-2 gutters-col-2 gutters-col-v-lg-2 gutters-col-v-md-2 gutters-col-v-2\">\n<div class=\"h-column h-column-container d-flex h-col-lg-auto h-col-md-auto h-col-auto style-212-outer style-local-33-c61-outer\">\n<div class=\"d-flex h-flex-basis h-column__inner h-px-lg-2 h-px-md-2 h-px-2 v-inner-lg-2 v-inner-md-2 v-inner-2 style-212 style-local-33-c61 position-relative\" data-colibri-id=\"33-c61\">\n<div class=\"w-100 h-y-container h-column__content h-column__v-align flex-basis-100 align-self-lg-start align-self-md-start align-self-start\">\n<div class=\"h-global-transition-all h-heading style-213 style-local-33-c62 position-relative h-element\" data-colibri-id=\"33-c62\">\n<div class=\"h-heading__outer style-213 style-local-33-c62\">\n<h2 class=\"\">Algumas coisas em que somos \u00f3timos!<\/h2>\n<\/div>\n<\/div>\n<div class=\"h-lead h-text h-text-component style-214 style-local-33-c63 position-relative h-element\" data-colibri-id=\"33-c63\">\n<div class=\"\">\n\nAmbiente din\u00e2mico de processos inteligentes\n\n<\/div>\n<\/div>\n<\/div>\n<\/div>\n<\/div>\n<\/div>\n<\/div>\n<div class=\"h-row-container gutters-row-lg-2 gutters-row-md-2 gutters-row-2 gutters-row-v-lg-2 gutters-row-v-md-2 gutters-row-v-2 style-205 style-local-33-c29 position-relative\" data-colibri-id=\"33-c29\">\n<div class=\"h-row justify-content-lg-center justify-content-md-center justify-content-center align-items-lg-stretch align-items-md-stretch align-items-stretch gutters-col-lg-2 gutters-col-md-2 gutters-col-2 gutters-col-v-lg-2 gutters-col-v-md-2 gutters-col-v-2\">\n<div class=\"h-column h-column-container d-flex h-col-lg-4 h-col-md-6 h-col-12 style-206-outer style-local-33-c30-outer\">\n<div class=\"d-flex h-flex-basis h-column__inner h-px-lg-3 h-px-md-3 h-px-3 v-inner-lg-3 v-inner-md-3 v-inner-3 style-206 style-local-33-c30 position-relative\" data-colibri-id=\"33-c30\">\n<div class=\"w-100 h-y-container h-column__content h-column__v-align flex-basis-100 align-self-lg-start align-self-md-start align-self-start\">\n<div class=\"h-icon style-207 style-local-33-c31 position-relative h-element\" data-colibri-id=\"33-c31\"><span class=\"h-svg-icon h-icon__icon style-207-icon style-local-33-c31-icon\"><!--Icon by Font Awesome (https:\/\/fontawesome.com)-->\n<\/span><\/div>\n<div class=\"h-divider style-208 style-local-33-c32 position-relative h-element\" data-colibri-id=\"33-c32\"><\/div>\n<div class=\"h-global-transition-all h-heading style-209 style-local-33-c33 position-relative h-element\" data-colibri-id=\"33-c33\">\n<div class=\"h-heading__outer style-209 style-local-33-c33\">\n<h4 class=\"\">Engenharia Civil<\/h4>\n<\/div>\n<\/div>\n<div class=\"h-text h-text-component style-210 style-local-33-c34 position-relative h-element\" data-colibri-id=\"33-c34\">\n<div class=\"\">\n\n\u2022 Elabora\u00e7\u00e3o de projetos para implanta\u00e7\u00e3o de mina;\n\n\u2022 Projeto de estruturas civis;\n\n\u2022 Acompanhamento t\u00e9cnico de obra civil;\n\n\u2022 Elabora\u00e7\u00e3o de projetos de barragens de \u00e1gua e rejeito.\n\n<\/div>\n<\/div>\n<\/div>\n<\/div>\n<\/div>\n<div class=\"h-column h-column-container d-flex h-col-lg-4 h-col-md-6 h-col-12 style-206-outer style-local-33-c35-outer\">\n<div class=\"d-flex h-flex-basis h-column__inner h-px-lg-3 h-px-md-3 h-px-3 v-inner-lg-3 v-inner-md-3 v-inner-3 style-206 style-local-33-c35 position-relative\" data-colibri-id=\"33-c35\">\n<div class=\"w-100 h-y-container h-column__content h-column__v-align flex-basis-100 align-self-lg-start align-self-md-start align-self-start\">\n<div class=\"h-icon style-207 style-local-33-c36 position-relative h-element\" data-colibri-id=\"33-c36\"><span class=\"h-svg-icon h-icon__icon style-207-icon style-local-33-c36-icon\"><!--Icon by Font Awesome (https:\/\/fontawesome.com)-->\n<\/span><\/div>\n<div class=\"h-divider style-208 style-local-33-c37 position-relative h-element\" data-colibri-id=\"33-c37\"><\/div>\n<div class=\"h-global-transition-all h-heading style-209 style-local-33-c38 position-relative h-element\" data-colibri-id=\"33-c38\">\n<div class=\"h-heading__outer style-209 style-local-33-c38\">\n<h4 class=\"\">Engenharia de Minas<\/h4>\n<\/div>\n<\/div>\n<div class=\"h-text h-text-component style-210 style-local-33-c39 position-relative h-element\" data-colibri-id=\"33-c39\">\n<div class=\"\">\n\n\u2022 Operacionaliza\u00e7\u00e3o de cavas finais;\n\n\u2022 Otimiza\u00e7\u00e3o de cavas;\n\n\u2022 Otimiza\u00e7\u00e3o de stopes e desenvolvimento de mina;\n\n\u2022 Sequenciamento de lavra;\n\n\u2022 Dimensionamento e otimiza\u00e7\u00e3o de frota;\n\n\u2022 Estimativa de CAPEX e OPEX;\n\n\u2022 Projetos de pilhas de est\u00e9ril e rejeito.\n\n<\/div>\n<\/div>\n<\/div>\n<\/div>\n<\/div>\n<div class=\"h-column h-column-container d-flex h-col-lg-4 h-col-md-6 h-col-12 style-206-outer style-local-33-c40-outer\">\n<div class=\"d-flex h-flex-basis h-column__inner h-px-lg-3 h-px-md-3 h-px-3 v-inner-lg-3 v-inner-md-3 v-inner-3 style-206 style-local-33-c40 position-relative\" data-colibri-id=\"33-c40\">\n<div class=\"w-100 h-y-container h-column__content h-column__v-align flex-basis-100 align-self-lg-start align-self-md-start align-self-start\">\n<div class=\"h-icon style-207 style-local-33-c41 position-relative h-element\" data-colibri-id=\"33-c41\"><span class=\"h-svg-icon h-icon__icon style-207-icon style-local-33-c41-icon\"><!--Icon by Font Awesome (https:\/\/fontawesome.com)-->\n<\/span><\/div>\n<div class=\"h-divider style-208 style-local-33-c42 position-relative h-element\" data-colibri-id=\"33-c42\"><\/div>\n<div class=\"h-global-transition-all h-heading style-209 style-local-33-c43 position-relative h-element\" data-colibri-id=\"33-c43\">\n<div class=\"h-heading__outer style-209 style-local-33-c43\">\n<h4 class=\"\">Engenharia Geot\u00e9cnica<\/h4>\n<\/div>\n<\/div>\n<div class=\"h-text h-text-component style-210 style-local-33-c44 position-relative h-element\" data-colibri-id=\"33-c44\">\n<div class=\"\">\n\n\u2022 Acompanhamento de sondagem geot\u00e9cnica;\n\n\u2022 Descri\u00e7\u00e3o de testemunhos de sondagem;\n\n\u2022 Elabora\u00e7\u00e3o e atualiza\u00e7\u00e3o de banco de dados;\n\n\u2022 Modelo geot\u00e9cnico para cavas, pilhas e barragens;\n\n\u2022 Avalia\u00e7\u00e3o de estabilidade de cavas pilhas e barragens;\n\n\u2022 Consultoria t\u00e9cnica de geotecnia de lavra a c\u00e9u aberto;\n\n\u2022 Elabora\u00e7\u00e3o de PCA e RCA.\n\n<\/div>\n<\/div>\n<\/div>\n<\/div>\n<\/div>\n<div class=\"h-column h-column-container d-flex h-col-lg-4 h-col-md-6 h-col-12 style-206-outer style-local-33-c45-outer\">\n<div class=\"d-flex h-flex-basis h-column__inner h-px-lg-3 h-px-md-3 h-px-3 v-inner-lg-3 v-inner-md-3 v-inner-3 style-206 style-local-33-c45 position-relative\" data-colibri-id=\"33-c45\">\n<div class=\"w-100 h-y-container h-column__content h-column__v-align flex-basis-100 align-self-lg-start align-self-md-start align-self-start\">\n<div class=\"h-icon style-207 style-local-33-c46 position-relative h-element\" data-colibri-id=\"33-c46\"><span class=\"h-svg-icon h-icon__icon style-207-icon style-local-33-c46-icon\"><!--Icon by Font Awesome (https:\/\/fontawesome.com)-->\n<\/span><\/div>\n<div class=\"h-divider style-208 style-local-33-c47 position-relative h-element\" data-colibri-id=\"33-c47\"><\/div>\n<div class=\"h-global-transition-all h-heading style-209 style-local-33-c48 position-relative h-element\" data-colibri-id=\"33-c48\">\n<div class=\"h-heading__outer style-209 style-local-33-c48\">\n<h4 class=\"\">Engenharia Geot\u00e9cnica<\/h4>\n<\/div>\n<\/div>\n<div class=\"h-text h-text-component style-210 style-local-33-c49 position-relative h-element\" data-colibri-id=\"33-c49\">\n<div class=\"\">\n\n\u2022 Acompanhamento t\u00e9cnico de obra de barragens e pilhas;\n\n\u2022 Consultoria para atendimento as legisla\u00e7\u00f5es de barragem;\n\n\u2022 Engenheiro de Registro;\n\n\u2022 PAEBM;\n\n\u2022 Elabora\u00e7\u00e3o de Manual de Opera\u00e7\u00e3o e Carta de Risco;\n\n\u2022 RIRS\/DCE;\n\n\u2022 PGRBM;\n\n<\/div>\n<\/div>\n<\/div>\n<\/div>\n<\/div>\n<div class=\"h-column h-column-container d-flex h-col-lg-4 h-col-md-6 h-col-12 style-206-outer style-local-33-c50-outer\">\n<div class=\"d-flex h-flex-basis h-column__inner h-px-lg-3 h-px-md-3 h-px-3 v-inner-lg-3 v-inner-md-3 v-inner-3 style-206 style-local-33-c50 position-relative\" data-colibri-id=\"33-c50\">\n<div class=\"w-100 h-y-container h-column__content h-column__v-align flex-basis-100 align-self-lg-start align-self-md-start align-self-start\">\n<div class=\"h-icon style-207 style-local-33-c51 position-relative h-element\" data-colibri-id=\"33-c51\"><span class=\"h-svg-icon h-icon__icon style-207-icon style-local-33-c51-icon\"><!--Icon by Icons8 Line Awesome (https:\/\/icons8.com\/line-awesome)--><\/span><\/div>\n<div class=\"h-divider style-208 style-local-33-c52 position-relative h-element\" data-colibri-id=\"33-c52\"><\/div>\n<div class=\"h-global-transition-all h-heading style-209 style-local-33-c53 position-relative h-element\" data-colibri-id=\"33-c53\">\n<div class=\"h-heading__outer style-209 style-local-33-c53\">\n<h4 class=\"\">Engenharia de Seguran\u00e7a do Trabalho<\/h4>\n<\/div>\n<\/div>\n<div class=\"h-text h-text-component style-210 style-local-33-c54 position-relative h-element\" data-colibri-id=\"33-c54\">\n<div class=\"\">\n\n\u2022 Fiscaliza\u00e7\u00e3o de obras;\n\n\u2022 Treinamento de NR\u00b4s:\n\n-NR-01\n\n-NR-05\n\n-NR-06\n\n-NR-07\n\n-NR-08\n\n-NR-09\n\n-NR-18\n\n-NR-35\n\n\u2022 Assessoria para mobiliza\u00e7\u00e3o de contratos, organiza\u00e7\u00e3o e elabora\u00e7\u00e3o de documentos t\u00e9cnicos.\n\n<\/div>\n<\/div>\n<\/div>\n<\/div>\n<\/div>\n<div class=\"h-column h-column-container d-flex h-col-lg-4 h-col-md-6 h-col-12 style-206-outer style-local-33-c55-outer\">\n<div class=\"d-flex h-flex-basis h-column__inner h-px-lg-3 h-px-md-3 h-px-3 v-inner-lg-3 v-inner-md-3 v-inner-3 style-206 style-local-33-c55 position-relative\" data-colibri-id=\"33-c55\">\n<div class=\"w-100 h-y-container h-column__content h-column__v-align flex-basis-100 align-self-lg-start align-self-md-start align-self-start\">\n<div class=\"h-icon style-207 style-local-33-c56 position-relative h-element\" data-colibri-id=\"33-c56\"><span class=\"h-svg-icon h-icon__icon style-207-icon style-local-33-c56-icon\"><!--Icon by Icons8 Line Awesome (https:\/\/icons8.com\/line-awesome)--><\/span><\/div>\n<div class=\"h-divider style-208 style-local-33-c57 position-relative h-element\" data-colibri-id=\"33-c57\"><\/div>\n<div class=\"h-global-transition-all h-heading style-209 style-local-33-c58 position-relative h-element\" data-colibri-id=\"33-c58\">\n<div class=\"h-heading__outer style-209 style-local-33-c58\">\n<h4 class=\"\">Geologia<\/h4>\n<\/div>\n<\/div>\n<div class=\"h-text h-text-component style-210 style-local-33-c59 position-relative h-element\" data-colibri-id=\"33-c59\">\n<div class=\"\">\n\n\u2022 Pesquisa Mineral\n\n\u2022 Modelo Geol\u00f3gico\n\n<\/div>\n<\/div>\n<\/div>\n<\/div>\n<\/div>\n<\/div>\n<\/div>\n<\/div>\n<\/div>\n<div id=\"content\" class=\"h-section h-section-global-spacing d-flex align-items-lg-center align-items-md-center align-items-center style-215 style-local-33-c64 position-relative\" data-colibri-component=\"section\" data-colibri-id=\"33-c64\">\n<div class=\"h-section-grid-container h-section-fluid-container\">\n<div class=\"h-row-container gutters-row-lg-0 gutters-row-md-0 gutters-row-2 gutters-row-v-lg-0 gutters-row-v-md-0 gutters-row-v-2 style-216 style-local-33-c65 position-relative\" data-colibri-id=\"33-c65\">\n<div class=\"h-row justify-content-lg-center justify-content-md-center justify-content-center align-items-lg-stretch align-items-md-stretch align-items-stretch gutters-col-lg-0 gutters-col-md-0 gutters-col-2 gutters-col-v-lg-0 gutters-col-v-md-0 gutters-col-v-2\">\n<div class=\"h-column h-column-container d-flex h-col-lg-auto h-col-md-auto h-col-auto style-217-outer style-local-33-c66-outer\">\n<div class=\"d-flex h-flex-basis h-column__inner h-px-lg-0 h-px-md-0 h-px-0 v-inner-lg-0 v-inner-md-0 v-inner-0 style-217 style-local-33-c66 position-relative\" data-colibri-id=\"33-c66\">\n<div class=\"w-100 h-y-container h-column__content h-column__v-align flex-basis-100 align-self-lg-start align-self-md-start align-self-start\">\n<div class=\"h-global-transition-all h-heading style-218 style-local-33-c67 position-relative h-element\" data-colibri-id=\"33-c67\">\n<div class=\"h-heading__outer style-218 style-local-33-c67\">\n<h5 class=\"\">DaRocha Geotecnia<\/h5>\n<\/div>\n<\/div>\n<div class=\"h-divider style-219 style-local-33-c68 position-relative h-element\" data-colibri-id=\"33-c68\"><\/div>\n<div class=\"h-global-transition-all h-heading style-220 style-local-33-c69 position-relative h-element\" data-colibri-id=\"33-c69\">\n<div class=\"h-heading__outer style-220 style-local-33-c69\">\n<h3 class=\"\">O segredo do sucesso<\/h3>\n<\/div>\n<\/div>\n<div class=\"h-text h-text-component style-221 style-local-33-c70 position-relative h-element\" data-colibri-id=\"33-c70\">\n<div class=\"\">\n\nNossos profissionais geot\u00e9cnicos t\u00eam uma vasta experi\u00eancia no projeto e opera\u00e7\u00e3o de trabalhos est\u00e1veis em minas a c\u00e9u aberto e subterr\u00e2neas, declives, t\u00faneis, estacas e barragens de rejeitos e de \u00e1gua.\n\n<\/div>\n<\/div>\n<div class=\"h-row-container gutters-row-lg-2 gutters-row-md-2 gutters-row-0 gutters-row-v-lg-2 gutters-row-v-md-2 gutters-row-v-0 style-222 style-local-33-c71 position-relative\" data-colibri-id=\"33-c71\">\n<div class=\"h-row justify-content-lg-center justify-content-md-center justify-content-center align-items-lg-stretch align-items-md-stretch align-items-stretch gutters-col-lg-2 gutters-col-md-2 gutters-col-0 gutters-col-v-lg-2 gutters-col-v-md-2 gutters-col-v-0\">\n<div class=\"h-column h-column-container d-flex h-col-lg-6 h-col-md-6 h-col-6 style-223-outer style-local-33-c72-outer\">\n<div class=\"d-flex h-flex-basis h-column__inner h-px-lg-0 h-px-md-0 h-px-0 v-inner-lg-0 v-inner-md-0 v-inner-0 style-223 style-local-33-c72 position-relative\" data-colibri-id=\"33-c72\">\n&lt;div class=&#8221;w-100 h-y-container h-colu<\/div>\n<\/div>\n<\/div>\n<\/div>\n<\/div>\n<\/div>\n<\/div>\n<\/div>\n<\/div>\n<\/div>\n<\/div>\n<\/div>","protected":false},"excerpt":{"rendered":"<p>ENGENHARIA CIVIL Ramo da engenharia que planeja, projeta, executa e faz a gest\u00e3o de obras e empreendimentos. A engenharia civil transforma e adapta a natureza, com o objetivo de otimizar a qualidade de vida das pessoas. GEOLOGIA \u00c9 uma das ci\u00eancias da Terra que se dedica ao estudo da crosta terrestre, da mat\u00e9ria que a [&hellip;]<\/p>\n","protected":false},"author":1,"featured_media":0,"parent":0,"menu_order":0,"comment_status":"closed","ping_status":"closed","template":"page-templates\/homepage.php","meta":{"footnotes":""},"_links":{"self":[{"href":"https:\/\/darochageotecnia.com.br\/index.php?rest_route=\/wp\/v2\/pages\/33"}],"collection":[{"href":"https:\/\/darochageotecnia.com.br\/index.php?rest_route=\/wp\/v2\/pages"}],"about":[{"href":"https:\/\/darochageotecnia.com.br\/index.php?rest_route=\/wp\/v2\/types\/page"}],"author":[{"embeddable":true,"href":"https:\/\/darochageotecnia.com.br\/index.php?rest_route=\/wp\/v2\/users\/1"}],"replies":[{"embeddable":true,"href":"https:\/\/darochageotecnia.com.br\/index.php?rest_route=%2Fwp%2Fv2%2Fcomments&post=33"}],"version-history":[{"count":19,"href":"https:\/\/darochageotecnia.com.br\/index.php?rest_route=\/wp\/v2\/pages\/33\/revisions"}],"predecessor-version":[{"id":638,"href":"https:\/\/darochageotecnia.com.br\/index.php?rest_route=\/wp\/v2\/pages\/33\/revisions\/638"}],"wp:attachment":[{"href":"https:\/\/darochageotecnia.com.br\/index.php?rest_route=%2Fwp%2Fv2%2Fmedia&parent=33"}],"curies":[{"name":"wp","href":"https:\/\/api.w.org\/{rel}","templated":true}]}}